{"id":1406,"date":"2015-09-02T18:59:03","date_gmt":"2015-09-02T18:59:03","guid":{"rendered":"http:\/\/www.correiodafe.com.br\/portal\/?page_id=1406"},"modified":"2023-02-08T10:43:30","modified_gmt":"2023-02-08T14:43:30","slug":"quem-somos","status":"publish","type":"page","link":"https:\/\/www.cfnews.com.br\/portal\/quem-somos\/","title":{"rendered":"Sobre o correiodafe"},"content":{"rendered":"<p style=\"text-align: justify;\"><strong>O\u00a0<\/strong>Site\u00a0<strong>correiodafe\u00a0<\/strong>\u00e9 um espa\u00e7o democr\u00e1tico onde seus leitores poder\u00e3o anunciar seus produtos, comentar, opinar, tecer suas cr\u00edticas, sugerir pautas para mat\u00e9rias e artigos, al\u00e9m de sempre estar conectado com as \u00faltimas not\u00edcias envolvendo as \u00e1reas de cidadania, pol\u00edtica, economia, turismo, evangelismo, miss\u00f5es, cultura, m\u00fasica, carros, gastronomia, sa\u00fade, e entre outros assuntos; ser um elo de intera\u00e7\u00e3o e estar lincado com o p\u00fablico de todas as idades atrav\u00e9s das Redes Sociais.<\/p>\n<p style=\"text-align: justify;\"><strong>C<\/strong>olocamos no mercado, um Site com excelente visual gr\u00e1fico, com qualidade e tecnologia de ponta para abranger todas as classes sociais e\u00a0interdenominacionais\u00a0com o objetivo maior de estar conectado com a Verdade.<\/p>\n<p style=\"text-align: justify;\"><strong>D<\/strong>isponibilizamos um Guia de Produtos com Conte\u00fados e Servi\u00e7os focados n\u00e3o apenas no estado, mas com informa\u00e7\u00f5es do Brasil e do Mundo.<\/p>\n<p style=\"text-align: justify;\"><strong>Miss\u00e3o<\/strong><\/p>\n<p style=\"text-align: justify;\"><strong>P<\/strong>roporcionar aos seus leitores um produto de qualidade, efici\u00eancia, visando \u00e0 satisfa\u00e7\u00e3o junto aos nossos clientes, para que toda a informa\u00e7\u00e3o seja \u00e1gil e transparente.<\/p>\n<p style=\"text-align: justify;\"><strong>Vis\u00e3o<\/strong><\/p>\n<p style=\"text-align: justify;\"><strong>S<\/strong>er reconhecido junto ao p\u00fablico, clientes, parceiros e anunciantes na excel\u00eancia, com a divulga\u00e7\u00e3o e presta\u00e7\u00e3o de servi\u00e7os na m\u00eddia eletr\u00f4nica.<\/p>\n<p style=\"text-align: justify;\"><strong>Valores<\/strong><\/p>\n<ol style=\"text-align: justify;\">\n<li><strong>Qualidade<\/strong><\/li>\n<li><strong>Credibilidade<\/strong><\/li>\n<li><strong>Comprometimento<\/strong><\/li>\n<li><strong>\u00c9tica e transpar\u00eancia<\/strong><\/li>\n<\/ol>\n<p style=\"text-align: center;\"><strong>\u00a0<a href=\"https:\/\/www.cfnews.com.br\/portal\/\">www.correiodafe.com.br<\/a>\u00a0\u201cConectado com a Verdade\u201d.<\/strong><\/p>\n<p style=\"text-align: center;\">\n","protected":false},"excerpt":{"rendered":"<p>O\u00a0Site\u00a0correiodafe\u00a0\u00e9 um espa\u00e7o democr\u00e1tico onde seus leitores poder\u00e3o anunciar seus produtos, comentar, opinar, tecer suas &hellip;<\/p>\n","protected":false},"author":1,"featured_media":0,"parent":0,"menu_order":0,"comment_status":"closed","ping_status":"closed","template":"","meta":{"footnotes":""},"class_list":["post-1406","page","type-page","status-publish","hentry"],"wps_subtitle":"","_links":{"self":[{"href":"https:\/\/www.cfnews.com.br\/portal\/wp-json\/wp\/v2\/pages\/1406","targetHints":{"allow":["GET"]}}],"collection":[{"href":"https:\/\/www.cfnews.com.br\/portal\/wp-json\/wp\/v2\/pages"}],"about":[{"href":"https:\/\/www.cfnews.com.br\/portal\/wp-json\/wp\/v2\/types\/page"}],"author":[{"embeddable":true,"href":"https:\/\/www.cfnews.com.br\/portal\/wp-json\/wp\/v2\/users\/1"}],"replies":[{"embeddable":true,"href":"https:\/\/www.cfnews.com.br\/portal\/wp-json\/wp\/v2\/comments?post=1406"}],"version-history":[{"count":2,"href":"https:\/\/www.cfnews.com.br\/portal\/wp-json\/wp\/v2\/pages\/1406\/revisions"}],"predecessor-version":[{"id":66982,"href":"https:\/\/www.cfnews.com.br\/portal\/wp-json\/wp\/v2\/pages\/1406\/revisions\/66982"}],"wp:attachment":[{"href":"https:\/\/www.cfnews.com.br\/portal\/wp-json\/wp\/v2\/media?parent=1406"}],"curies":[{"name":"wp","href":"https:\/\/api.w.org\/{rel}","templated":true}]}}