{"id":978,"date":"2014-12-02T13:00:09","date_gmt":"2014-12-02T11:00:09","guid":{"rendered":"http:\/\/gadgetine.orange-themes.com\/?page_id=978"},"modified":"2023-02-08T15:11:06","modified_gmt":"2023-02-08T19:11:06","slug":"contato","status":"publish","type":"page","link":"https:\/\/www.cfnews.com.br\/portal\/contato\/","title":{"rendered":"Contato"},"content":{"rendered":"<p><a href=\"https:\/\/www.cfnews.com.br\/portal\/wp-content\/uploads\/2023\/02\/logo-cfnews.png\"><img loading=\"lazy\" decoding=\"async\" class=\"alignnone wp-image-66970 size-full\" src=\"https:\/\/www.cfnews.com.br\/portal\/wp-content\/uploads\/2023\/02\/logo-cfnews.png\" alt=\"\" width=\"350\" height=\"88\" srcset=\"https:\/\/www.cfnews.com.br\/portal\/wp-content\/uploads\/2023\/02\/logo-cfnews.png 350w, https:\/\/www.cfnews.com.br\/portal\/wp-content\/uploads\/2023\/02\/logo-cfnews-300x75.png 300w\" sizes=\"auto, (max-width: 350px) 100vw, 350px\" \/><\/a><\/p>\n<p>&nbsp;<\/p>\n<p>SEDE PR\u00d3PRIA: RUA SAFIRA, 09 BOSQUE DA SA\u00daDE FONES: (WATTS ) &#8211; 65 99245-0868  CEP; 78.008-300 CUIAB\u00c1-MT.<\/p>\n<p>CONTATO@CFNEWS.COM.BR<\/p>\n<p>MIDIA@CFNEWS.COM.BR<\/p>\n<p>&nbsp;<\/p>\n<p>&nbsp;<\/p>\n<p>&nbsp;<\/p>\n","protected":false},"excerpt":{"rendered":"<p>&nbsp; SEDE PR\u00d3PRIA: RUA SAFIRA, 09 BOSQUE DA SA\u00daDE FONES: (WATTS ) &#8211; 65 99245-0868 &hellip;<\/p>\n","protected":false},"author":1,"featured_media":0,"parent":0,"menu_order":0,"comment_status":"closed","ping_status":"closed","template":"template-contact.php","meta":{"footnotes":""},"class_list":["post-978","page","type-page","status-publish","hentry"],"wps_subtitle":"","_links":{"self":[{"href":"https:\/\/www.cfnews.com.br\/portal\/wp-json\/wp\/v2\/pages\/978","targetHints":{"allow":["GET"]}}],"collection":[{"href":"https:\/\/www.cfnews.com.br\/portal\/wp-json\/wp\/v2\/pages"}],"about":[{"href":"https:\/\/www.cfnews.com.br\/portal\/wp-json\/wp\/v2\/types\/page"}],"author":[{"embeddable":true,"href":"https:\/\/www.cfnews.com.br\/portal\/wp-json\/wp\/v2\/users\/1"}],"replies":[{"embeddable":true,"href":"https:\/\/www.cfnews.com.br\/portal\/wp-json\/wp\/v2\/comments?post=978"}],"version-history":[{"count":7,"href":"https:\/\/www.cfnews.com.br\/portal\/wp-json\/wp\/v2\/pages\/978\/revisions"}],"predecessor-version":[{"id":67005,"href":"https:\/\/www.cfnews.com.br\/portal\/wp-json\/wp\/v2\/pages\/978\/revisions\/67005"}],"wp:attachment":[{"href":"https:\/\/www.cfnews.com.br\/portal\/wp-json\/wp\/v2\/media?parent=978"}],"curies":[{"name":"wp","href":"https:\/\/api.w.org\/{rel}","templated":true}]}}